{"id":103285,"date":"2022-03-03T14:00:33","date_gmt":"2022-03-03T14:00:33","guid":{"rendered":"https:\/\/areaclientes.smalticeram.es\/en\/?page_id=103285"},"modified":"2022-06-17T11:15:32","modified_gmt":"2022-06-17T11:15:32","slug":"privacy-policy","status":"publish","type":"page","link":"https:\/\/areaclientes.smalticeram.es\/en\/privacy-policy\/","title":{"rendered":"Privacy Policy"},"content":{"rendered":"<p>[vc_row][vc_column width=&#8221;1\/1&#8243;][vc_custom_heading uncode_shortcode_id=&#8221;417065&#8243;]DATA PROTECTION INFORMATION[\/vc_custom_heading][\/vc_column][\/vc_row][vc_row][vc_column width=&#8221;1\/1&#8243;][vc_accordion active_tab=&#8221;1&#8243;][vc_accordion_tab gutter_size=&#8221;2&#8243; column_padding=&#8221;2&#8243; title=&#8221;Data related to the Responsible&#8221; tab_id=&#8221;1590394928-1-67fc9c-0140&#8243;][vc_custom_heading heading_semantic=&#8221;h3&#8243; text_size=&#8221;h4&#8243; sub_reduced=&#8221;yes&#8221; subheading=&#8221;Company: SMALTICERAM ESPA\u00d1A SA &#8211; A12513073<br \/>\nAddress: Urb.sur Poligono 44 Parc.1 1 12200 &#8211; (Onda) &#8211; Castellon, Spain.<br \/>\nContact: info@smalticeram.es &#8211; +34 964 626 286&#8243; uncode_shortcode_id=&#8221;418343&#8243; text_color_type=&#8221;uncode-palette&#8221; text_color_solid=&#8221;#ff0000&#8243;]Responsible for Treatment[\/vc_custom_heading][\/vc_accordion_tab][vc_accordion_tab gutter_size=&#8221;2&#8243; column_padding=&#8221;2&#8243; title=&#8221;Purposes&#8221; tab_id=&#8221;1590394928-2-97fc9c-0140&#8243;][vc_custom_heading heading_semantic=&#8221;h3&#8243; text_size=&#8221;h4&#8243; sub_reduced=&#8221;yes&#8221; subheading=&#8221;In compliance with the provisions of the European Regulation 2016\/679 General Data Protection Regulation, we inform you that, depending on the relationship you have with us, in SMALTICERAM ESPA\u00d1A SA we process the data you provide for any, or all, of the following purposes:&#8221; uncode_shortcode_id=&#8221;199182&#8243;][\/vc_custom_heading][vc_row_inner][vc_column_inner column_width_percent=&#8221;90&#8243; gutter_size=&#8221;3&#8243; overlay_alpha=&#8221;50&#8243; shift_x=&#8221;0&#8243; shift_y=&#8221;0&#8243; shift_y_down=&#8221;0&#8243; z_index=&#8221;0&#8243; medium_width=&#8221;0&#8243; mobile_width=&#8221;0&#8243; width=&#8221;1\/1&#8243;][vc_column_text uncode_shortcode_id=&#8221;495904&#8243;]<\/p>\n<ul>\n<li>Collection of relevant fees<\/li>\n<li>Purchase\/sale of goods and services.<\/li>\n<li>Purchase\/sale of material<\/li>\n<li>Creation of contracts, payroll and other related tasks.<\/li>\n<li>Sending commercial information of the entity by mail, email or other.<\/li>\n<li>Commercial information by means of e-mails from the MailChimp platform, without the Responsible Party being able to ensure correct security measures and treatment adequate to the RGPD of the platform itself.<\/li>\n<li>Information from Cookies.<\/li>\n<li>Maintenance of the employment relationship and consideration for work performed.<\/li>\n<li>To provide a service.<\/li>\n<li>Payment by means of POS.<\/li>\n<li>Making purchases through the virtual store on the website\/platform.<\/li>\n<li>Placing orders.<\/li>\n<li>Use of data derived from the activities of the company.<\/li>\n<\/ul>\n<p>[\/vc_column_text][\/vc_column_inner][\/vc_row_inner][\/vc_accordion_tab][vc_accordion_tab gutter_size=&#8221;2&#8243; column_padding=&#8221;2&#8243; title=&#8221;Data retention period&#8221; tab_id=&#8221;1590396078023-2-1fc9c-0140&#8243;][vc_custom_heading heading_semantic=&#8221;h3&#8243; text_size=&#8221;h4&#8243; sub_reduced=&#8221;yes&#8221; subheading=&#8221;Your data will be kept for the duration of the contractual, commercial or other relationship with our company, request its deletion, as well as the time necessary to comply with legal obligations.<\/p>\n<p>You guarantee the authenticity and timeliness of all data you provide to SMALTICERAM ESPA\u00d1A SA and shall be solely responsible for any false or inaccurate statements made.<\/p>\n<p>You expressly agree to make appropriate use of the contents and services of SMALTICERAM ESPA\u00d1A SA and not to use them for, among others:&#8221; uncode_shortcode_id=&#8221;186367&#8243; text_color_type=&#8221;uncode-palette&#8221; text_color_solid=&#8221;#ff0000&#8243;][\/vc_custom_heading][\/vc_accordion_tab][vc_accordion_tab gutter_size=&#8221;2&#8243; column_padding=&#8221;2&#8243; title=&#8221;Legitimation&#8221; tab_id=&#8221;1590396273114-3-0fc9c-0140&#8243;][vc_custom_heading heading_semantic=&#8221;h3&#8243; text_size=&#8221;h4&#8243; sub_reduced=&#8221;yes&#8221; subheading=&#8221;La base legal para el tratamiento de tus datos radica por:&#8221;][\/vc_custom_heading][vc_row_inner][vc_column_inner column_width_percent=&#8221;90&#8243; gutter_size=&#8221;3&#8243; overlay_alpha=&#8221;50&#8243; shift_x=&#8221;0&#8243; shift_y=&#8221;0&#8243; shift_y_down=&#8221;0&#8243; z_index=&#8221;0&#8243; medium_width=&#8221;0&#8243; mobile_width=&#8221;0&#8243; width=&#8221;1\/1&#8243;][vc_column_text uncode_shortcode_id=&#8221;744974&#8243;]<\/p>\n<ul>\n<li>Unequivocal consent.<\/li>\n<li>Execution of a contract.<\/li>\n<li>In the public interest.<\/li>\n<\/ul>\n<p>[\/vc_column_text][\/vc_column_inner][\/vc_row_inner][\/vc_accordion_tab][vc_accordion_tab gutter_size=&#8221;2&#8243; column_padding=&#8221;2&#8243; title=&#8221;Addressees&#8221; tab_id=&#8221;1590397178540-4-4fc9c-0140&#8243;][vc_custom_heading heading_semantic=&#8221;h3&#8243; text_size=&#8221;h4&#8243; sub_reduced=&#8221;yes&#8221; subheading=&#8221;Your personal data will be communicated to third parties in the following cases:&#8221; uncode_shortcode_id=&#8221;188808&#8243;][\/vc_custom_heading][vc_row_inner][vc_column_inner column_width_percent=&#8221;90&#8243; gutter_size=&#8221;3&#8243; overlay_alpha=&#8221;50&#8243; shift_x=&#8221;0&#8243; shift_y=&#8221;0&#8243; shift_y_down=&#8221;0&#8243; z_index=&#8221;0&#8243; medium_width=&#8221;0&#8243; mobile_width=&#8221;0&#8243; width=&#8221;1\/1&#8243;][vc_column_text uncode_shortcode_id=&#8221;264183&#8243;]<\/p>\n<ul>\n<li>Consulting\/Audit Entities.<\/li>\n<li>Management\/Advisory.<\/li>\n<li>Occupational Risk Prevention Service.<\/li>\n<li>Third parties.<\/li>\n<\/ul>\n<p>[\/vc_column_text][\/vc_column_inner][\/vc_row_inner][\/vc_accordion_tab][vc_accordion_tab gutter_size=&#8221;2&#8243; column_padding=&#8221;2&#8243; title=&#8221;Rights&#8221; tab_id=&#8221;1590397264119-5-10fc9c-0140&#8243;][vc_custom_heading heading_semantic=&#8221;h3&#8243; text_size=&#8221;h4&#8243; sub_reduced=&#8221;yes&#8221; subheading=&#8221;Tiene derecho a obtener confirmaci\u00f3n sobre si en SMALTICYou have the right to obtain confirmation as to whether or not SMALTICERAM ESPA\u00d1A ESPA\u00d1A SA is processing personal data concerning you.<\/p>\n<p>You also have the right to access your personal data, as well as to request the rectification of inaccurate data or, where appropriate, request their deletion when, among other reasons, the data are no longer necessary for the purposes for which they were collected.<\/p>\n<p>In certain circumstances, you may request the limitation of the processing of your data, in which case we will only keep them for the exercise or defense of claims.<\/p>\n<p>Additionally, in certain circumstances and for reasons related to your particular situation, you may exercise your right to object to the processing of your data. SMALTICERAM ESPA\u00d1A SA will stop processing the data, except for compelling legitimate reasons, or the exercise or defense of possible claims.<\/p>\n<p>Likewise, you may exercise the right to data portability, as well as withdraw the consents provided at any time, without affecting the lawfulness of the processing based on the consent prior to its withdrawal.<\/p>\n<p>If you wish to make use of any of your rights described below, you can do so by writing to SMALTICERAM ESPA\u00d1A SAERAM ESPA\u00d1A SA estamos tratando datos personales que le conciernan, o no.<\/p>\n<p>Asimismo, tiene derecho de acceso a sus datos personales, as\u00ed como a solicitar la rectificaci\u00f3n de los datos inexactos o, en su caso, solicitar su supresi\u00f3n cuando, entre otros motivos, los datos ya no sean necesarios para los fines que fueron recogidos.<\/p>\n<p>En determinadas circunstancias, podr\u00e1 solicitar la limitaci\u00f3n del tratamiento de sus datos, en cuyo caso \u00fanicamente los conservaremos para el ejercicio o la defensa de reclamaciones.<\/p>\n<p>Adicionalmente, en determinadas circunstancias y por motivos relacionados con tu situaci\u00f3n particular, podr\u00e1 ejercer el derecho de oposici\u00f3n al tratamiento de sus datos. SMALTICERAM ESPA\u00d1A SA dejar\u00e1 de tratar los datos, salvo por motivos leg\u00edtimos imperiosos, o el ejercicio o la defensa de posibles reclamaciones.<\/p>\n<p>Asimismo, puede ejercer el derecho a la portabilidad de los datos, as\u00ed como retirar los consentimientos facilitados en cualquier momento, sin que ello afecte a la licitud del tratamiento basado en el consentimiento previo a su retirada.<\/p>\n<p>Si desea hacer uso de cualquiera de tus derechos descritos a continuaci\u00f3n, puede realizarlos escribiendo a SMALTICERAM ESPA\u00d1A SA&#8221; uncode_shortcode_id=&#8221;257015&#8243; text_color_type=&#8221;uncode-palette&#8221; text_color_solid=&#8221;#ff0000&#8243;][\/vc_custom_heading][vc_row_inner][vc_column_inner column_width_percent=&#8221;90&#8243; gutter_size=&#8221;3&#8243; overlay_alpha=&#8221;50&#8243; shift_x=&#8221;0&#8243; shift_y=&#8221;0&#8243; shift_y_down=&#8221;0&#8243; z_index=&#8221;0&#8243; medium_width=&#8221;0&#8243; mobile_width=&#8221;0&#8243; width=&#8221;1\/1&#8243;][vc_column_text uncode_shortcode_id=&#8221;116606&#8243;]<\/p>\n<ul>\n<li>To exercise your right of <strong>access.<\/strong><\/li>\n<li>To exercise your right of <strong>rectification<\/strong>.<\/li>\n<li>To exercise your right of <strong>Deletion (Forgetting).<\/strong><\/li>\n<li>To exercise your right of <strong>Limitation of Processing.<\/strong><\/li>\n<li>To exercise your right of <strong>Opposition.<\/strong><\/li>\n<li>To exercise your right of <strong>portability.<\/strong><\/li>\n<\/ul>\n<p>[\/vc_column_text][\/vc_column_inner][\/vc_row_inner][vc_custom_heading heading_semantic=&#8221;h3&#8243; text_size=&#8221;h4&#8243; sub_reduced=&#8221;yes&#8221; subheading=&#8221;Alternatively, you can also contact us by mail at the following address: Urb.sur Poligono 44 Parc.1 1 12200 &#8211; (Onda) &#8211; Castellon, Spain, enclosing a photocopy of your ID card, for the certainty of your identity. Remember to provide as much information as possible about your request: Name and surname, email address you use for the account or portal object of your request.<\/p>\n<p>Finally, we inform you that you can contact the Spanish Data Protection Agency and other competent public bodies for any claim arising from the processing of your personal data.&#8221; uncode_shortcode_id=&#8221;209964&#8243; text_color_type=&#8221;uncode-palette&#8221; text_color_solid=&#8221;#ff0000&#8243;][\/vc_custom_heading][\/vc_accordion_tab][vc_accordion_tab gutter_size=&#8221;2&#8243; column_padding=&#8221;2&#8243; title=&#8221;Cookie Policy&#8221; tab_id=&#8221;1590473273054-6-10&#8243;][vc_custom_heading heading_semantic=&#8221;h3&#8243; text_size=&#8221;h4&#8243; sub_reduced=&#8221;yes&#8221; subheading=&#8221;To learn about the cookies we use on our site, remember that you can access our Cookies Policy through the following link cookies policy.&#8221; uncode_shortcode_id=&#8221;358915&#8243;][\/vc_custom_heading][\/vc_accordion_tab][\/vc_accordion][\/vc_column][\/vc_row]<\/p>\n","protected":false},"excerpt":{"rendered":"<p>[vc_row][vc_column width=&#8221;1\/1&#8243;][vc_custom_heading uncode_shortcode_id=&#8221;417065&#8243;]DATA PROTECTION INFORMATION[\/vc_custom_heading][\/vc_column][\/vc_row][vc_row][vc_column width=&#8221;1\/1&#8243;][vc_accordion active_tab=&#8221;1&#8243;][vc_accordion_tab gutter_size=&#8221;2&#8243; column_padding=&#8221;2&#8243; title=&#8221;Data related to the Responsible&#8221; tab_id=&#8221;1590394928-1-67fc9c-0140&#8243;][vc_custom_heading heading_semantic=&#8221;h3&#8243; text_size=&#8221;h4&#8243; sub_reduced=&#8221;yes&#8221; subheading=&#8221;Company: SMALTICERAM [&hellip;]<\/p>\n","protected":false},"author":1,"featured_media":0,"parent":0,"menu_order":0,"comment_status":"closed","ping_status":"closed","template":"","meta":[],"_links":{"self":[{"href":"https:\/\/areaclientes.smalticeram.es\/en\/wp-json\/wp\/v2\/pages\/103285"}],"collection":[{"href":"https:\/\/areaclientes.smalticeram.es\/en\/wp-json\/wp\/v2\/pages"}],"about":[{"href":"https:\/\/areaclientes.smalticeram.es\/en\/wp-json\/wp\/v2\/types\/page"}],"author":[{"embeddable":true,"href":"https:\/\/areaclientes.smalticeram.es\/en\/wp-json\/wp\/v2\/users\/1"}],"replies":[{"embeddable":true,"href":"https:\/\/areaclientes.smalticeram.es\/en\/wp-json\/wp\/v2\/comments?post=103285"}],"version-history":[{"count":6,"href":"https:\/\/areaclientes.smalticeram.es\/en\/wp-json\/wp\/v2\/pages\/103285\/revisions"}],"predecessor-version":[{"id":122641,"href":"https:\/\/areaclientes.smalticeram.es\/en\/wp-json\/wp\/v2\/pages\/103285\/revisions\/122641"}],"wp:attachment":[{"href":"https:\/\/areaclientes.smalticeram.es\/en\/wp-json\/wp\/v2\/media?parent=103285"}],"curies":[{"name":"wp","href":"https:\/\/api.w.org\/{rel}","templated":true}]}}