{"id":103283,"date":"2022-03-03T13:57:56","date_gmt":"2022-03-03T13:57:56","guid":{"rendered":"https:\/\/areaclientes.smalticeram.es\/en\/?page_id=103283"},"modified":"2022-06-17T11:25:08","modified_gmt":"2022-06-17T11:25:08","slug":"cookies-policy","status":"publish","type":"page","link":"https:\/\/areaclientes.smalticeram.es\/en\/cookies-policy\/","title":{"rendered":"Cookies Policy"},"content":{"rendered":"<p>[vc_row][vc_column width=&#8221;1\/1&#8243;][vc_custom_heading uncode_shortcode_id=&#8221;112360&#8243;]COOKIES POLICY[\/vc_custom_heading][\/vc_column][\/vc_row][vc_row][vc_column width=&#8221;1\/1&#8243;][vc_accordion active_tab=&#8221;1&#8243;][vc_accordion_tab gutter_size=&#8221;2&#8243; column_padding=&#8221;2&#8243; title=&#8221;General cookie information&#8221; tab_id=&#8221;1590394928-1-676f25-dc0e&#8221;][vc_custom_heading heading_semantic=&#8221;h3&#8243; text_size=&#8221;h4&#8243; sub_reduced=&#8221;yes&#8221; subheading=&#8221;User trust is important to us, and we at SMALTICERAM ESPA\u00d1A SA are therefore concerned about protecting your privacy. An important aspect of this is to provide you with as much information as possible about how we use your personal data, including how we use local data storage and similar technology.<\/p>\n<p>Local data storage involves storing different types of data locally on your device through your web browser. Locally stored data may, for example, contain user settings, information about how you browse our website, which web browser you use, which advertisements have been displayed, and similar behavior on websites with which we collaborate. Locally stored data can be used to customize the content and features on our services so that your visits are more convenient and meaningful.<\/p>\n<p>One method of local data storage is cookies. Cookies are small text files that are stored on your device (PC, cell phone or tablet) that allow us to recognize your web browser. Cookies contain information primarily about your web browser and any activity that has occurred in it. They help us to ensure the security and optimal functioning of our website, once you leave our website these are deleted (security cookies and session cookies) and collect information about what products our internet visitors are interested in and how they navigate through our website to make our online offers more attractive to users (tracking cookies).&#8221; uncode_shortcode_id=&#8221;136087&#8243; text_color_type=&#8221;uncode-palette&#8221; text_color_solid=&#8221;#ff0000&#8243;][\/vc_custom_heading][\/vc_accordion_tab][vc_accordion_tab gutter_size=&#8221;2&#8243; column_padding=&#8221;2&#8243; title=&#8221;Additional information on cookies&#8221; tab_id=&#8221;1590394928-2-976f25-dc0e&#8221;][vc_custom_heading heading_semantic=&#8221;h3&#8243; text_size=&#8221;h4&#8243; sub_reduced=&#8221;yes&#8221; subheading=&#8221;We use local data storage for a number of purposes, such as: to enable us to perform our services; to bring you relevant, personalized content when you visit our websites; to measure and analyze traffic on our website; to improve our services; and to target targeted advertising. Further details on these topics are set out below:&#8221; uncode_shortcode_id=&#8221;374414&#8243;][\/vc_custom_heading][vc_empty_space empty_h=&#8221;2&#8243;][vc_row_inner][vc_column_inner column_width_percent=&#8221;90&#8243; gutter_size=&#8221;3&#8243; overlay_alpha=&#8221;50&#8243; shift_x=&#8221;0&#8243; shift_y=&#8221;0&#8243; shift_y_down=&#8221;0&#8243; z_index=&#8221;0&#8243; medium_width=&#8221;0&#8243; mobile_width=&#8221;0&#8243; width=&#8221;1\/1&#8243;][vc_column_text uncode_shortcode_id=&#8221;311449&#8243;]<strong>For our advertising<\/strong><\/p>\n<p>We use local storage of data in connection with advertising activities. This allows us to know whether and how often the user has seen an advertisement or a certain type of advertisement, and how long ago the user saw it.<br \/>\nWe also use local data storage to construct segments and target groups for marketing purposes and to target specific advertisements.[\/vc_column_text][\/vc_column_inner][\/vc_row_inner][vc_empty_space empty_h=&#8221;2&#8243;][vc_row_inner][vc_column_inner column_width_percent=&#8221;90&#8243; gutter_size=&#8221;3&#8243; overlay_alpha=&#8221;50&#8243; shift_x=&#8221;0&#8243; shift_y=&#8221;0&#8243; shift_y_down=&#8221;0&#8243; z_index=&#8221;0&#8243; medium_width=&#8221;0&#8243; mobile_width=&#8221;0&#8243; width=&#8221;1\/1&#8243;][vc_column_text uncode_shortcode_id=&#8221;173730&#8243;]<strong>To analyze and improve our services<\/strong><\/p>\n<p>We use various measurement tools that provide us with statistics and analyses relating to our services. These tools allow us to recognize the web browser over time and to find out whether the user has visited the website before and if so how often. These tools give us the ability to get an overview of how many unique users we have and how they use our services.<br \/>\nWe also use the information we have collected and analyzed to develop and improve our services; for example, by finding out which services generate a lot of traffic or by seeing whether a service is performing optimally.[\/vc_column_text][\/vc_column_inner][\/vc_row_inner][vc_empty_space empty_h=&#8221;2&#8243;][vc_row_inner][vc_column_inner column_width_percent=&#8221;90&#8243; gutter_size=&#8221;3&#8243; overlay_alpha=&#8221;50&#8243; shift_x=&#8221;0&#8243; shift_y=&#8221;0&#8243; shift_y_down=&#8221;0&#8243; z_index=&#8221;0&#8243; medium_width=&#8221;0&#8243; mobile_width=&#8221;0&#8243; width=&#8221;1\/1&#8243;][vc_column_text uncode_shortcode_id=&#8221;824004&#8243;]<strong>To analyze and improve our services<\/strong><\/p>\n<p>We use various measurement tools that provide us with statistics and analyses relating to our services. These tools allow us to recognize the web browser over time and to find out whether the user has visited the website before and if so how often. These tools give us the ability to get an overview of how many unique users we have and how they use our services.<br \/>\nWe also use the information we have collected and analyzed to develop and improve our services; for example, by finding out which services generate a lot of traffic or by seeing whether a service is performing optimally.[\/vc_column_text][\/vc_column_inner][\/vc_row_inner][\/vc_accordion_tab][vc_accordion_tab gutter_size=&#8221;2&#8243; column_padding=&#8221;2&#8243; title=&#8221;Cookies used by this website&#8221; tab_id=&#8221;1603375157219-9-8&#8243;][vc_column_text uncode_shortcode_id=&#8221;643538&#8243;]<strong>Cookies propias<\/strong><\/p>\n<p style=\"padding-left: 40px;\"><strong>PHPSESSID:<\/strong> Technical and strictly necessary cookie containing the session identifier. It is deleted when the browser is closed<span style=\"font-weight: 400;\">.<\/span><\/p>\n<p style=\"padding-left: 40px;\"><strong>tk_ai:<\/strong> Stores a randomly generated anonymous ID. This is only used within the scope of administration and is used for general analysis tracking. It is deleted when the browser is closed.<\/p>\n<p style=\"padding-left: 40px;\"><strong>uncode_privacy: <\/strong>Technical Cookie. It is stored in your browser and does not collect any personal information.<strong><br \/>\n<\/strong><\/p>\n<p style=\"padding-left: 40px;\"><strong>woocommerce_cart_hash:<\/strong> Helps the website determine when data or cart contents change. It is deleted when the browser is closed.<\/p>\n<p style=\"padding-left: 40px;\"><strong>woocommerce_items_in_cart: <\/strong>Helps the website determine when data or cart contents change. Removed when the browser is closed.<\/p>\n<p style=\"padding-left: 40px;\"><strong>wom_icat_favorites:<\/strong> Stores information about the products added to the Favorites module..<\/p>\n<p><strong>Cookies de Terceros<\/strong><\/p>\n<p style=\"padding-left: 40px;\"><strong>_ga:<\/strong> Google Analytics cookie that enables the unique visits control function. The first time a user enters the website through a browser this cookie will be installed. When this user re-enters the website with the same browser, the cookie will consider that it is the same user. Only in the event that the user changes browser, it will be considered another user. It expires 2 years after the last update. More information on the processing carried out by Google Analytics <a href=\"http:\/\/www.google.com\/intl\/es_ALL\/analytics\/learn\/privacy.html\" target=\"_blank\" rel=\"noopener\">here<\/a>.<\/p>\n<p style=\"padding-left: 40px;\"><strong>_gid:<\/strong> Google Analytics Cookie. It is used to distinguish users. Expires after 24 hours.<\/p>\n<p style=\"padding-left: 40px;\"><strong>_gat:<\/strong> Google Analytics Cookie. Used for request rate limiting, i.e. limiting data collection on high traffic sites. Expires after 10 minutes.<\/p>\n<p>[\/vc_column_text][\/vc_accordion_tab][vc_accordion_tab gutter_size=&#8221;2&#8243; column_padding=&#8221;2&#8243; title=&#8221;Gesti\u00f3n de las cookiesCookie management&#8221; tab_id=&#8221;1590396078023-2-16f25-dc0e&#8221;][vc_custom_heading heading_semantic=&#8221;h3&#8243; text_size=&#8221;h4&#8243; sub_reduced=&#8221;yes&#8221; subheading=&#8221;Puede desYou can deactivate cookies or set your browser to notify you when you are sent a cookie.<\/p>\n<p>The settings in your web browser normally display a list of all cookies that have been stored to provide you with an overview and, if you wish, to delete unwanted cookies. Normally, you can indicate that you accept the storage of cookies from the websites you visit or from third parties affiliated with those websites. You can also choose to be notified each time a new cookie is stored. Guidance on how to do this in different web browsers is provided below. Your web browser normally stores cookies in a specific folder on your hard drive so that you can also examine the content in more detail.<\/p>\n<p>However, the cookies that are present on the website change frequently, and not all cookies are equally important. Therefore, if SMALTICERAM ESPA\u00d1A ESPA\u00d1A SA changes the use of tracking cookies, you will be notified with a message.<\/p>\n<p>Also, services are available that have been specially developed to provide users with an updated list of cookies and other tracking mechanisms.<\/p>\n<p>Please note that if you disable them, you may not be able to enjoy the full functionality of our website.<\/p>\n<p>Below is an overview of how locally stored data can be managed in different web browsers. Please note that this process may change and the descriptions given here may not be up to date.activar las cookies o configurar su navegador para que le avise cuando te env\u00edan una cookie.<\/p>\n<p>La configuraci\u00f3n en su navegador web normalmente muestra una lista de todas las cookies que han sido almacenadas para proporcionarle una visi\u00f3n general y, si lo desea, para eliminar las cookies no deseadas. Normalmente, puede indicar que acepta el almacenamiento de cookies de los sitios web que visitas o de terceros afiliados a dichos sitios web. Tambi\u00e9n puede escoger ser notificado cada vez que se almacena una nueva cookie. Se le proporciona a continuaci\u00f3n orientaci\u00f3n sobre c\u00f3mo hacer esto en diferentes navegadores web. Su navegador web almacena normalmente cookies en una carpeta espec\u00edfica en su disco duro, de forma que pueda examinar tambi\u00e9n el contenido con m\u00e1s detalle.<\/p>\n<p>Sin embargo, las cookies que est\u00e1n presentes en el sitio web cambian con frecuencia, y no todas las cookies son igual de importantes. Por consiguiente, si SMALTICERAM ESPA\u00d1A SA cambia el uso de las cookies de seguimiento, se le notificar\u00e1 con un mensaje.<\/p>\n<p>Asimismo, hay disponibles servicios que han sido desarrollados especialmente para proporcionar a los usuarios una lista actualizada de cookies y otros mecanismos de seguimiento.<\/p>\n<p>Tenga en cuenta que si usted las desactiva, es posible que no pueda disfrutar de todas las funcionalidades de nuestro sitio web<\/p>\n<p>A continuaci\u00f3n, se le presenta un resumen de c\u00f3mo los datos almacenados localmente pueden ser gestionados en diferentes navegadores web. Tenga en cuenta que este proceso puede cambiar y que las descripciones dadas aqu\u00ed pueden no estar actualizadas.&#8221; uncode_shortcode_id=&#8221;696731&#8243; text_color_type=&#8221;uncode-palette&#8221; text_color_solid=&#8221;#ff0000&#8243;][\/vc_custom_heading][\/vc_accordion_tab][vc_accordion_tab gutter_size=&#8221;2&#8243; column_padding=&#8221;2&#8243; title=&#8221;Cookie management in Google Chrome&#8221; tab_id=&#8221;1590396273114-3-06f25-dc0e&#8221;][vc_row_inner][vc_column_inner column_width_percent=&#8221;90&#8243; gutter_size=&#8221;3&#8243; overlay_alpha=&#8221;50&#8243; shift_x=&#8221;0&#8243; shift_y=&#8221;0&#8243; shift_y_down=&#8221;0&#8243; z_index=&#8221;0&#8243; medium_width=&#8221;0&#8243; mobile_width=&#8221;0&#8243; width=&#8221;1\/1&#8243;][vc_column_text uncode_shortcode_id=&#8221;176070&#8243;]<strong>How to delete cookies:<\/strong><\/p>\n<ol>\n<li>Go to Settings in your browser menu.<\/li>\n<li>Click Show advanced settings.<\/li>\n<li>Click on Delete browsing data.<\/li>\n<li>Select the time period for which you want to delete the information from the menu at the top. If you want to delete all cookies in the browser, click From time source.<\/li>\n<li>Check Cookies and other data from sites and plug-ins.<\/li>\n<li>Click Clear browsing data.<\/li>\n<li>Close the window.<\/li>\n<\/ol>\n<p>[\/vc_column_text][\/vc_column_inner][\/vc_row_inner][vc_empty_space empty_h=&#8221;1&#8243;][vc_row_inner][vc_column_inner column_width_percent=&#8221;90&#8243; gutter_size=&#8221;3&#8243; overlay_alpha=&#8221;50&#8243; shift_x=&#8221;0&#8243; shift_y=&#8221;0&#8243; shift_y_down=&#8221;0&#8243; z_index=&#8221;0&#8243; medium_width=&#8221;0&#8243; mobile_width=&#8221;0&#8243; width=&#8221;1\/1&#8243;][vc_column_text uncode_shortcode_id=&#8221;198513&#8243;]<strong>How to prevent cookies from being stored in your web browser:<\/strong><\/p>\n<ol>\n<li>Go to Settings in your browser menu.<\/li>\n<li>Click Show advanced settings and then click Content settings.<\/li>\n<li>Under Cookies, select your preferred option. If you want to prevent all cookies from being stored, click Do not allow data to be stored from sites.<\/li>\n<li>Click Done.<\/li>\n<li>Close the window.<\/li>\n<\/ol>\n<p>[\/vc_column_text][\/vc_column_inner][\/vc_row_inner][\/vc_accordion_tab][vc_accordion_tab gutter_size=&#8221;2&#8243; column_padding=&#8221;2&#8243; title=&#8221;Managing cookies in Safari&#8221; tab_id=&#8221;1590397178540-4-46f25-dc0e&#8221;][vc_row_inner][vc_column_inner column_width_percent=&#8221;90&#8243; gutter_size=&#8221;3&#8243; overlay_alpha=&#8221;50&#8243; shift_x=&#8221;0&#8243; shift_y=&#8221;0&#8243; shift_y_down=&#8221;0&#8243; z_index=&#8221;0&#8243; medium_width=&#8221;0&#8243; mobile_width=&#8221;0&#8243; width=&#8221;1\/1&#8243;][vc_column_text uncode_shortcode_id=&#8221;822907&#8243;]<strong>How to delete cookies:<\/strong><\/p>\n<ol>\n<li>Go to Preferences in your browser menu.<\/li>\n<li>Click on the Privacy tab.<\/li>\n<li>Click Delete all website data and then click Delete to delete all cookies.<\/li>\n<li>Close the window.<\/li>\n<\/ol>\n<p>[\/vc_column_text][\/vc_column_inner][\/vc_row_inner][vc_empty_space empty_h=&#8221;2&#8243;][vc_row_inner][vc_column_inner column_width_percent=&#8221;90&#8243; gutter_size=&#8221;3&#8243; overlay_alpha=&#8221;50&#8243; shift_x=&#8221;0&#8243; shift_y=&#8221;0&#8243; shift_y_down=&#8221;0&#8243; z_index=&#8221;0&#8243; medium_width=&#8221;0&#8243; mobile_width=&#8221;0&#8243; width=&#8221;1\/1&#8243;][vc_column_text uncode_shortcode_id=&#8221;133703&#8243;]<strong>How to prevent cookies from being stored in your web browser:<\/strong><\/p>\n<ol>\n<li>Go to Preferences in your browser menu.<\/li>\n<li>Click on the Privacy tab.<\/li>\n<li>Under Cookies and website data select your preferred option. If you want to prevent all cookies from being stored, click Always block.<\/li>\n<li>Close the window.<\/li>\n<\/ol>\n<p>[\/vc_column_text][\/vc_column_inner][\/vc_row_inner][\/vc_accordion_tab][vc_accordion_tab gutter_size=&#8221;2&#8243; column_padding=&#8221;2&#8243; title=&#8221;Cookie management in Mozilla Firefox&#8221; tab_id=&#8221;1590475206302-6-10&#8243;][vc_row_inner][vc_column_inner column_width_percent=&#8221;90&#8243; gutter_size=&#8221;3&#8243; overlay_alpha=&#8221;50&#8243; shift_x=&#8221;0&#8243; shift_y=&#8221;0&#8243; shift_y_down=&#8221;0&#8243; z_index=&#8221;0&#8243; medium_width=&#8221;0&#8243; mobile_width=&#8221;0&#8243; width=&#8221;1\/1&#8243;][vc_column_text uncode_shortcode_id=&#8221;781020&#8243;]<strong>How to delete cookies:<\/strong><\/p>\n<ol>\n<li>Go to Options in your browser menu.<\/li>\n<li>Click on the Privacy tab.<\/li>\n<li>Click Show cookies.<\/li>\n<li>Select the cookies you want to delete and click Delete Selected. Click Delete all if you want to delete all cookies in your web browser.<\/li>\n<li>Close the window. Any changes you have made will be saved automatically.<\/li>\n<\/ol>\n<p>[\/vc_column_text][\/vc_column_inner][\/vc_row_inner][vc_empty_space empty_h=&#8221;2&#8243;][vc_row_inner][vc_column_inner column_width_percent=&#8221;90&#8243; gutter_size=&#8221;3&#8243; overlay_alpha=&#8221;50&#8243; shift_x=&#8221;0&#8243; shift_y=&#8221;0&#8243; shift_y_down=&#8221;0&#8243; z_index=&#8221;0&#8243; medium_width=&#8221;0&#8243; mobile_width=&#8221;0&#8243; width=&#8221;1\/1&#8243;][vc_column_text uncode_shortcode_id=&#8221;114679&#8243;]<strong>How to prevent cookies from being stored in your web browser:<\/strong><\/p>\n<ol>\n<li>Go to Settings in your browser menu.<\/li>\n<li>Select the Privacy tab.<\/li>\n<li>Under History, click Use custom settings for history.<\/li>\n<li>Select your preferred options under Allow cookies from websites. If you want to prevent all cookies from being stored, uncheck the Accept cookies from websites box.<\/li>\n<li>Close the window. Any changes you have made will be saved automatically.<\/li>\n<\/ol>\n<p>[\/vc_column_text][\/vc_column_inner][\/vc_row_inner][\/vc_accordion_tab][vc_accordion_tab gutter_size=&#8221;2&#8243; column_padding=&#8221;2&#8243; title=&#8221;Cookie management in Internet Explorer&#8221; tab_id=&#8221;1590475494753-7-7&#8243;][vc_row_inner][vc_column_inner column_width_percent=&#8221;90&#8243; gutter_size=&#8221;3&#8243; overlay_alpha=&#8221;50&#8243; shift_x=&#8221;0&#8243; shift_y=&#8221;0&#8243; shift_y_down=&#8221;0&#8243; z_index=&#8221;0&#8243; medium_width=&#8221;0&#8243; mobile_width=&#8221;0&#8243; width=&#8221;1\/1&#8243;][vc_column_text uncode_shortcode_id=&#8221;125413&#8243;]<strong>How to delete cookies:<\/strong><\/p>\n<ol>\n<li>Go to Tools (gear icon) in your browser menu.<\/li>\n<li>Click on Internet Properties.<\/li>\n<li>In the General tab &#8211; Browsing history, click Delete.<\/li>\n<li>Be sure to check the Cookies and website data option.<\/li>\n<li>Click Delete.<\/li>\n<li>Click OK.<\/li>\n<\/ol>\n<p>[\/vc_column_text][\/vc_column_inner][\/vc_row_inner][vc_empty_space empty_h=&#8221;2&#8243;][vc_row_inner][vc_column_inner column_width_percent=&#8221;90&#8243; gutter_size=&#8221;3&#8243; overlay_alpha=&#8221;50&#8243; shift_x=&#8221;0&#8243; shift_y=&#8221;0&#8243; shift_y_down=&#8221;0&#8243; z_index=&#8221;0&#8243; medium_width=&#8221;0&#8243; mobile_width=&#8221;0&#8243; width=&#8221;1\/1&#8243;][vc_column_text uncode_shortcode_id=&#8221;968856&#8243;]<strong>How to prevent cookies from being stored in your web browser:<\/strong><\/p>\n<ol>\n<li>Go to Tools (gear icon) in your browser menu.<\/li>\n<li>Click on Internet Options and then click on the Privacy tab.<\/li>\n<li>Move the slider bar to the desired level. If you want to prevent all cookies from being stored, select the Block all cookies level.<\/li>\n<li>Click OK.<\/li>\n<\/ol>\n<p>[\/vc_column_text][\/vc_column_inner][\/vc_row_inner][\/vc_accordion_tab][vc_accordion_tab gutter_size=&#8221;2&#8243; column_padding=&#8221;2&#8243; title=&#8221;Cookie management in Opera&#8221; tab_id=&#8221;1590475697318-8-7&#8243;][vc_row_inner][vc_column_inner column_width_percent=&#8221;90&#8243; gutter_size=&#8221;3&#8243; overlay_alpha=&#8221;50&#8243; shift_x=&#8221;0&#8243; shift_y=&#8221;0&#8243; shift_y_down=&#8221;0&#8243; z_index=&#8221;0&#8243; medium_width=&#8221;0&#8243; mobile_width=&#8221;0&#8243; width=&#8221;1\/1&#8243;][vc_column_text uncode_shortcode_id=&#8221;189777&#8243;]<strong>How to delete cookies:<\/strong><\/p>\n<ol>\n<li>Go to Settings in your browser menu.<\/li>\n<li>Select the Privacy and Security tab.<br \/>\nClick Cookies and then click All cookies and website data.<\/li>\n<li>Select the cookies you want to delete and click Delete. Click Delete All if you want to delete all cookies in your web browser.<\/li>\n<li>Click Done.<\/li>\n<li>Close the window.<\/li>\n<\/ol>\n<p>[\/vc_column_text][\/vc_column_inner][\/vc_row_inner][vc_empty_space empty_h=&#8221;2&#8243;][vc_row_inner][vc_column_inner column_width_percent=&#8221;90&#8243; gutter_size=&#8221;3&#8243; overlay_alpha=&#8221;50&#8243; shift_x=&#8221;0&#8243; shift_y=&#8221;0&#8243; shift_y_down=&#8221;0&#8243; z_index=&#8221;0&#8243; medium_width=&#8221;0&#8243; mobile_width=&#8221;0&#8243; width=&#8221;1\/1&#8243;][vc_column_text uncode_shortcode_id=&#8221;185970&#8243;]<strong>How to prevent cookies from being stored in your web browser:<\/strong><\/p>\n<ol>\n<li>Go to Settings in your browser menu.<\/li>\n<li>Select the Privacy and Security tab.<\/li>\n<li>Under Cookies, select your preferred option. If you want to prevent all cookies from being stored, click Do not allow data to be stored from sites.<\/li>\n<li>Close the window.<\/li>\n<\/ol>\n<p>[\/vc_column_text][\/vc_column_inner][\/vc_row_inner][\/vc_accordion_tab][vc_accordion_tab gutter_size=&#8221;2&#8243; column_padding=&#8221;2&#8243; title=&#8221;Contact information&#8221; tab_id=&#8221;1590475882788-8-9&#8243;][vc_custom_heading heading_semantic=&#8221;h3&#8243; text_size=&#8221;h4&#8243; sub_reduced=&#8221;yes&#8221; subheading=&#8221;For transparency, if you have any questions regarding the use of local storage on our website, please contact us at info@smalticeram.es, indicating in the subject line &#8220;Cookie Policy&#8220;.&#8221; uncode_shortcode_id=&#8221;176318&#8243;][\/vc_custom_heading][\/vc_accordion_tab][\/vc_accordion][\/vc_column][\/vc_row]<\/p>\n","protected":false},"excerpt":{"rendered":"<p>[vc_row][vc_column width=&#8221;1\/1&#8243;][vc_custom_heading uncode_shortcode_id=&#8221;112360&#8243;]COOKIES POLICY[\/vc_custom_heading][\/vc_column][\/vc_row][vc_row][vc_column width=&#8221;1\/1&#8243;][vc_accordion active_tab=&#8221;1&#8243;][vc_accordion_tab gutter_size=&#8221;2&#8243; column_padding=&#8221;2&#8243; title=&#8221;General cookie information&#8221; tab_id=&#8221;1590394928-1-676f25-dc0e&#8221;][vc_custom_heading heading_semantic=&#8221;h3&#8243; text_size=&#8221;h4&#8243; sub_reduced=&#8221;yes&#8221; subheading=&#8221;User trust is important to [&hellip;]<\/p>\n","protected":false},"author":1,"featured_media":0,"parent":0,"menu_order":0,"comment_status":"closed","ping_status":"closed","template":"","meta":[],"_links":{"self":[{"href":"https:\/\/areaclientes.smalticeram.es\/en\/wp-json\/wp\/v2\/pages\/103283"}],"collection":[{"href":"https:\/\/areaclientes.smalticeram.es\/en\/wp-json\/wp\/v2\/pages"}],"about":[{"href":"https:\/\/areaclientes.smalticeram.es\/en\/wp-json\/wp\/v2\/types\/page"}],"author":[{"embeddable":true,"href":"https:\/\/areaclientes.smalticeram.es\/en\/wp-json\/wp\/v2\/users\/1"}],"replies":[{"embeddable":true,"href":"https:\/\/areaclientes.smalticeram.es\/en\/wp-json\/wp\/v2\/comments?post=103283"}],"version-history":[{"count":4,"href":"https:\/\/areaclientes.smalticeram.es\/en\/wp-json\/wp\/v2\/pages\/103283\/revisions"}],"predecessor-version":[{"id":125357,"href":"https:\/\/areaclientes.smalticeram.es\/en\/wp-json\/wp\/v2\/pages\/103283\/revisions\/125357"}],"wp:attachment":[{"href":"https:\/\/areaclientes.smalticeram.es\/en\/wp-json\/wp\/v2\/media?parent=103283"}],"curies":[{"name":"wp","href":"https:\/\/api.w.org\/{rel}","templated":true}]}}